{"id":99,"date":"2019-12-24T10:20:48","date_gmt":"2019-12-24T07:20:48","guid":{"rendered":"https:\/\/www.andmekanik.com\/ru\/?page_id=99"},"modified":"2020-04-20T20:50:07","modified_gmt":"2020-04-20T17:50:07","slug":"iletisim","status":"publish","type":"page","link":"https:\/\/www.andmekanik.com\/ru\/iletisim\/","title":{"rendered":"\u0441\u0432\u044f\u0437\u044c"},"content":{"rendered":"<p>[vc_row full_width=&#8221;stretch_row_content_no_spaces&#8221;][vc_column][vc_custom_heading text=&#8221;\u0441\u0432\u044f\u0437\u044c&#8221; font_container=&#8221;tag:h2|text_align:left|color:%23ffffff&#8221; use_theme_fonts=&#8221;yes&#8221; css=&#8221;.vc_custom_1587131885781{padding-top: 30px !important;padding-bottom: 30px !important;padding-left: 10% !important;background-image: url(https:\/\/www.andmekanik.com\/ru\/wp-content\/uploads\/2020\/04\/ustresim.jpg?id=305) !important;background-position: center !important;background-repeat: no-repeat !important;background-size: cover !important;}&#8221;][\/vc_column][\/vc_row][vc_row css=&#8221;.vc_custom_1586103578978{padding-top: 30px !important;}&#8221;][vc_column width=&#8221;1\/2&#8243;][vc_custom_heading text=&#8221;\u041d\u0430\u0448\u0430 \u043a\u043e\u043d\u0442\u0430\u043a\u0442\u043d\u0430\u044f \u0438\u043d\u0444\u043e\u0440\u043c\u0430\u0446\u0438\u044f&#8221; use_theme_fonts=&#8221;yes&#8221;][vc_column_text]<i class=\"fa fa-phone\"><\/i> +90 216 397 5072<br \/>\n<i class=\"fa fa-phone\"><\/i> +90 532 766 94 89<br \/>\n<i class=\"fa fa-envelope\"><\/i> ahmet@andmekanik.com<br \/>\n<i class=\"fa fa-map\"><\/i> G\u00fcll\u00fcba\u011flar Mah. Tando\u011fan Cad. Efe Apt. No:109\/C Pendik \/ \u0130STANBUL \/ \u0438\u043d\u0434\u044e\u043a[\/vc_column_text][vc_custom_heading text=&#8221;\u0422\u0443\u0440\u043a\u043c\u0435\u043d\u0438\u0441\u0442\u0430\u043d \u0444\u0438\u043b\u0438\u0430\u043b&#8221; font_container=&#8221;tag:h3|text_align:left&#8221; use_theme_fonts=&#8221;yes&#8221;][vc_column_text]<i class=\"fa fa-phone\"><\/i> +993 61080306 Andrey Romanov<br \/>\n<i class=\"fa fa-envelope\"><\/i> andrey@andmekanik.com<br \/>\n<i class=\"fa fa-envelope\"><\/i> anya@andmekanik.com<br \/>\n<i class=\"fa fa-map\"><\/i> \u0433\u043e\u0440\u043e\u0434 \u0410\u0448\u0433\u0430\u0431\u0430\u0442 , \u0443\u043b\u0438\u0446\u0430 \u0422\u0430\u0434\u0436\u0438\u0440 \u0434\u043e\u043c 1 \u0422\u043e\u0440\u0433\u043e\u0432\u043e\u0433\u043e \u0446\u0435\u043d\u0442\u0440\u0430 \u0442\u043e\u0440\u0433\u043e\u0432\u043e\u0435 \u043f\u043e\u043c\u0435\u0449\u0435\u043d\u0438\u0435 \u043d\u043e\u043c\u0435\u0440132.<\/p>\n<p>\u041f\u043e\u0437\u0432\u043e\u043d\u0438\u0442\u0435 \u0441\u0435\u0439\u0447\u0430\u0441 \u0438 \u0432\u043e\u0441\u043f\u043e\u043b\u044c\u0437\u0443\u0439\u0442\u0435\u0441\u044c \u0432\u044b\u0433\u043e\u0434\u043d\u044b\u043c\u0438 \u0446\u0435\u043d\u0430\u043c\u0438.[\/vc_column_text][vc_custom_heading text=&#8221;\u041d\u0430\u0448\u0435 \u043c\u0435\u0441\u0442\u043e\u043f\u043e\u043b\u043e\u0436\u0435\u043d\u0438\u0435 \u043d\u0430 \u043a\u0430\u0440\u0442\u0435&#8221; use_theme_fonts=&#8221;yes&#8221;][vc_gmaps link=&#8221;#E-8_JTNDaWZyYW1lJTIwc3JjJTNEJTIyaHR0cHMlM0ElMkYlMkZ3d3cuZ29vZ2xlLmNvbSUyRm1hcHMlMkZlbWJlZCUzRnBiJTNEJTIxMW0xOCUyMTFtMTIlMjExbTMlMjExZDMwMTYuMDg1MDQxMjk5ODIwNyUyMTJkMjkuMjc2Mzk1NjAwNTg1NTczJTIxM2Q0MC44OTE5NDk0MDM5Mjg1NjQlMjEybTMlMjExZjAlMjEyZjAlMjEzZjAlMjEzbTIlMjExaTEwMjQlMjEyaTc2OCUyMTRmMTMuMSUyMTNtMyUyMTFtMiUyMTFzMHgxNGNhZGI3NTY5M2I4YjYxJTI1M0EweDcxNjgxMTdjMDNlYTc1YjklMjEyc0VmZSUyNTIwQXBhcnRtYW4lMjVDNCUyNUIxJTIxNWUwJTIxM20yJTIxMXN0ciUyMTJzdHIlMjE0djE1ODY4NTMxNDM2NTIlMjE1bTIlMjExc3RyJTIxMnN0ciUyMiUyMHdpZHRoJTNEJTIyNjAwJTIyJTIwaGVpZ2h0JTNEJTIyNDUwJTIyJTIwZnJhbWVib3JkZXIlM0QlMjIwJTIyJTIwc3R5bGUlM0QlMjJib3JkZXIlM0EwJTNCJTIyJTIwYWxsb3dmdWxsc2NyZWVuJTNEJTIyJTIyJTIwYXJpYS1oaWRkZW4lM0QlMjJmYWxzZSUyMiUyMHRhYmluZGV4JTNEJTIyMCUyMiUzRSUzQyUyRmlmcmFtZSUzRQ==&#8221;][\/vc_column][vc_column width=&#8221;1\/2&#8243;][vc_custom_heading text=&#8221;\u0424\u043e\u0440\u043c\u0430 \u043e\u0431\u0440\u0430\u0442\u043d\u043e\u0439 \u0441\u0432\u044f\u0437\u0438&#8221; use_theme_fonts=&#8221;yes&#8221;]<noscript class=\"ninja-forms-noscript-message\">\n\tBildirim: Bu i\u00e7erik i\u00e7in bir JavaScript gereklidir.<\/noscript>\nThis form is currently undergoing maintenance. Please try again later.[\/vc_column][\/vc_row]<\/p>\n","protected":false},"excerpt":{"rendered":"<p>[vc_row full_width=&#8221;stretch_row_content_no_spaces&#8221;][vc_column][vc_custom_heading text=&#8221;\u0441\u0432\u044f\u0437\u044c&#8221; font_container=&#8221;tag:h2|text_align:left|color:%23ffffff&#8221; use_theme_fonts=&#8221;yes&#8221; css=&#8221;.vc_custom_1587131885781{padding-top: 30px !important;padding-bottom: 30px !important;padding-left: 10% !important;background-image: url(https:\/\/www.andmekanik.com\/ru\/wp-content\/uploads\/2020\/04\/ustresim.jpg?id=305) !important;background-position: center !important;background-repeat: no-repeat !important;background-size: cover !important;}&#8221;][\/vc_column][\/vc_row][vc_row css=&#8221;.vc_custom_1586103578978{padding-top: 30px !important;}&#8221;][vc_column width=&#8221;1\/2&#8243;][vc_custom_heading text=&#8221;\u041d\u0430\u0448\u0430 \u043a\u043e\u043d\u0442\u0430\u043a\u0442\u043d\u0430\u044f \u0438\u043d\u0444\u043e\u0440\u043c\u0430\u0446\u0438\u044f&#8221; use_theme_fonts=&#8221;yes&#8221;][vc_column_text] +90 216 397 5072 +90 532 766 94 89 ahmet@andmekanik.com G\u00fcll\u00fcba\u011flar Mah. Tando\u011fan Cad. Efe Apt. No:109\/C Pendik \/ \u0130STANBUL \/ \u0438\u043d\u0434\u044e\u043a[\/vc_column_text][vc_custom_heading text=&#8221;\u0422\u0443\u0440\u043a\u043c\u0435\u043d\u0438\u0441\u0442\u0430\u043d \u0444\u0438\u043b\u0438\u0430\u043b&#8221; font_container=&#8221;tag:h3|text_align:left&#8221; use_theme_fonts=&#8221;yes&#8221;][vc_column_text] +993<\/p>\n","protected":false},"author":1,"featured_media":0,"parent":0,"menu_order":0,"comment_status":"closed","ping_status":"closed","template":"","meta":{"footnotes":""},"yoast_head":"<!-- This site is optimized with the Yoast SEO plugin v22.0 - https:\/\/yoast.com\/wordpress\/plugins\/seo\/ -->\n<title>\u0441\u0432\u044f\u0437\u044c - And Mekanik<\/title>\n<meta name=\"robots\" content=\"index, follow, max-snippet:-1, max-image-preview:large, max-video-preview:-1\" \/>\n<link rel=\"canonical\" href=\"https:\/\/www.andmekanik.com\/ru\/iletisim\/\" \/>\n<meta property=\"og:locale\" content=\"tr_TR\" \/>\n<meta property=\"og:type\" content=\"article\" \/>\n<meta property=\"og:title\" content=\"\u0441\u0432\u044f\u0437\u044c - And Mekanik\" \/>\n<meta property=\"og:description\" content=\"[vc_row full_width=&#8221;stretch_row_content_no_spaces&#8221;][vc_column][vc_custom_heading text=&#8221;\u0441\u0432\u044f\u0437\u044c&#8221; font_container=&#8221;tag:h2|text_align:left|color:%23ffffff&#8221; use_theme_fonts=&#8221;yes&#8221; css=&#8221;.vc_custom_1587131885781{padding-top: 30px !important;padding-bottom: 30px !important;padding-left: 10% !important;background-image: url(https:\/\/www.andmekanik.com\/ru\/wp-content\/uploads\/2020\/04\/ustresim.jpg?id=305) !important;background-position: center !important;background-repeat: no-repeat !important;background-size: cover !important;}&#8221;][\/vc_column][\/vc_row][vc_row css=&#8221;.vc_custom_1586103578978{padding-top: 30px !important;}&#8221;][vc_column width=&#8221;1\/2&#8243;][vc_custom_heading text=&#8221;\u041d\u0430\u0448\u0430 \u043a\u043e\u043d\u0442\u0430\u043a\u0442\u043d\u0430\u044f \u0438\u043d\u0444\u043e\u0440\u043c\u0430\u0446\u0438\u044f&#8221; use_theme_fonts=&#8221;yes&#8221;][vc_column_text] +90 216 397 5072 +90 532 766 94 89 ahmet@andmekanik.com G\u00fcll\u00fcba\u011flar Mah. Tando\u011fan Cad. Efe Apt. No:109\/C Pendik \/ \u0130STANBUL \/ \u0438\u043d\u0434\u044e\u043a[\/vc_column_text][vc_custom_heading text=&#8221;\u0422\u0443\u0440\u043a\u043c\u0435\u043d\u0438\u0441\u0442\u0430\u043d \u0444\u0438\u043b\u0438\u0430\u043b&#8221; font_container=&#8221;tag:h3|text_align:left&#8221; use_theme_fonts=&#8221;yes&#8221;][vc_column_text] +993\" \/>\n<meta property=\"og:url\" content=\"https:\/\/www.andmekanik.com\/ru\/iletisim\/\" \/>\n<meta property=\"og:site_name\" content=\"And Mekanik\" \/>\n<meta property=\"article:modified_time\" content=\"2020-04-20T17:50:07+00:00\" \/>\n<meta name=\"twitter:card\" content=\"summary_large_image\" \/>\n<meta name=\"twitter:label1\" content=\"Tahmini okuma s\u00fcresi\" \/>\n\t<meta name=\"twitter:data1\" content=\"1 dakika\" \/>\n<script type=\"application\/ld+json\" class=\"yoast-schema-graph\">{\"@context\":\"https:\/\/schema.org\",\"@graph\":[{\"@type\":\"WebPage\",\"@id\":\"https:\/\/www.andmekanik.com\/ru\/iletisim\/\",\"url\":\"https:\/\/www.andmekanik.com\/ru\/iletisim\/\",\"name\":\"\u0441\u0432\u044f\u0437\u044c - And Mekanik\",\"isPartOf\":{\"@id\":\"https:\/\/www.andmekanik.com\/ru\/#website\"},\"datePublished\":\"2019-12-24T07:20:48+00:00\",\"dateModified\":\"2020-04-20T17:50:07+00:00\",\"breadcrumb\":{\"@id\":\"https:\/\/www.andmekanik.com\/ru\/iletisim\/#breadcrumb\"},\"inLanguage\":\"tr\",\"potentialAction\":[{\"@type\":\"ReadAction\",\"target\":[\"https:\/\/www.andmekanik.com\/ru\/iletisim\/\"]}]},{\"@type\":\"BreadcrumbList\",\"@id\":\"https:\/\/www.andmekanik.com\/ru\/iletisim\/#breadcrumb\",\"itemListElement\":[{\"@type\":\"ListItem\",\"position\":1,\"name\":\"Ana sayfa\",\"item\":\"https:\/\/www.andmekanik.com\/ru\/\"},{\"@type\":\"ListItem\",\"position\":2,\"name\":\"\u0441\u0432\u044f\u0437\u044c\"}]},{\"@type\":\"WebSite\",\"@id\":\"https:\/\/www.andmekanik.com\/ru\/#website\",\"url\":\"https:\/\/www.andmekanik.com\/ru\/\",\"name\":\"And Mekanik\",\"description\":\"Is\u0131tma Sistemleri\",\"publisher\":{\"@id\":\"https:\/\/www.andmekanik.com\/ru\/#organization\"},\"potentialAction\":[{\"@type\":\"SearchAction\",\"target\":{\"@type\":\"EntryPoint\",\"urlTemplate\":\"https:\/\/www.andmekanik.com\/ru\/?s={search_term_string}\"},\"query-input\":\"required name=search_term_string\"}],\"inLanguage\":\"tr\"},{\"@type\":\"Organization\",\"@id\":\"https:\/\/www.andmekanik.com\/ru\/#organization\",\"name\":\"Eczane Dekorasyon\",\"url\":\"https:\/\/www.andmekanik.com\/ru\/\",\"logo\":{\"@type\":\"ImageObject\",\"inLanguage\":\"tr\",\"@id\":\"https:\/\/www.andmekanik.com\/ru\/#\/schema\/logo\/image\/\",\"url\":\"\",\"contentUrl\":\"\",\"caption\":\"Eczane Dekorasyon\"},\"image\":{\"@id\":\"https:\/\/www.andmekanik.com\/ru\/#\/schema\/logo\/image\/\"}}]}<\/script>\n<!-- \/ Yoast SEO plugin. -->","yoast_head_json":{"title":"\u0441\u0432\u044f\u0437\u044c - And Mekanik","robots":{"index":"index","follow":"follow","max-snippet":"max-snippet:-1","max-image-preview":"max-image-preview:large","max-video-preview":"max-video-preview:-1"},"canonical":"https:\/\/www.andmekanik.com\/ru\/iletisim\/","og_locale":"tr_TR","og_type":"article","og_title":"\u0441\u0432\u044f\u0437\u044c - And Mekanik","og_description":"[vc_row full_width=&#8221;stretch_row_content_no_spaces&#8221;][vc_column][vc_custom_heading text=&#8221;\u0441\u0432\u044f\u0437\u044c&#8221; font_container=&#8221;tag:h2|text_align:left|color:%23ffffff&#8221; use_theme_fonts=&#8221;yes&#8221; css=&#8221;.vc_custom_1587131885781{padding-top: 30px !important;padding-bottom: 30px !important;padding-left: 10% !important;background-image: url(https:\/\/www.andmekanik.com\/ru\/wp-content\/uploads\/2020\/04\/ustresim.jpg?id=305) !important;background-position: center !important;background-repeat: no-repeat !important;background-size: cover !important;}&#8221;][\/vc_column][\/vc_row][vc_row css=&#8221;.vc_custom_1586103578978{padding-top: 30px !important;}&#8221;][vc_column width=&#8221;1\/2&#8243;][vc_custom_heading text=&#8221;\u041d\u0430\u0448\u0430 \u043a\u043e\u043d\u0442\u0430\u043a\u0442\u043d\u0430\u044f \u0438\u043d\u0444\u043e\u0440\u043c\u0430\u0446\u0438\u044f&#8221; use_theme_fonts=&#8221;yes&#8221;][vc_column_text] +90 216 397 5072 +90 532 766 94 89 ahmet@andmekanik.com G\u00fcll\u00fcba\u011flar Mah. Tando\u011fan Cad. Efe Apt. No:109\/C Pendik \/ \u0130STANBUL \/ \u0438\u043d\u0434\u044e\u043a[\/vc_column_text][vc_custom_heading text=&#8221;\u0422\u0443\u0440\u043a\u043c\u0435\u043d\u0438\u0441\u0442\u0430\u043d \u0444\u0438\u043b\u0438\u0430\u043b&#8221; font_container=&#8221;tag:h3|text_align:left&#8221; use_theme_fonts=&#8221;yes&#8221;][vc_column_text] +993","og_url":"https:\/\/www.andmekanik.com\/ru\/iletisim\/","og_site_name":"And Mekanik","article_modified_time":"2020-04-20T17:50:07+00:00","twitter_card":"summary_large_image","twitter_misc":{"Tahmini okuma s\u00fcresi":"1 dakika"},"schema":{"@context":"https:\/\/schema.org","@graph":[{"@type":"WebPage","@id":"https:\/\/www.andmekanik.com\/ru\/iletisim\/","url":"https:\/\/www.andmekanik.com\/ru\/iletisim\/","name":"\u0441\u0432\u044f\u0437\u044c - And Mekanik","isPartOf":{"@id":"https:\/\/www.andmekanik.com\/ru\/#website"},"datePublished":"2019-12-24T07:20:48+00:00","dateModified":"2020-04-20T17:50:07+00:00","breadcrumb":{"@id":"https:\/\/www.andmekanik.com\/ru\/iletisim\/#breadcrumb"},"inLanguage":"tr","potentialAction":[{"@type":"ReadAction","target":["https:\/\/www.andmekanik.com\/ru\/iletisim\/"]}]},{"@type":"BreadcrumbList","@id":"https:\/\/www.andmekanik.com\/ru\/iletisim\/#breadcrumb","itemListElement":[{"@type":"ListItem","position":1,"name":"Ana sayfa","item":"https:\/\/www.andmekanik.com\/ru\/"},{"@type":"ListItem","position":2,"name":"\u0441\u0432\u044f\u0437\u044c"}]},{"@type":"WebSite","@id":"https:\/\/www.andmekanik.com\/ru\/#website","url":"https:\/\/www.andmekanik.com\/ru\/","name":"And Mekanik","description":"Is\u0131tma Sistemleri","publisher":{"@id":"https:\/\/www.andmekanik.com\/ru\/#organization"},"potentialAction":[{"@type":"SearchAction","target":{"@type":"EntryPoint","urlTemplate":"https:\/\/www.andmekanik.com\/ru\/?s={search_term_string}"},"query-input":"required name=search_term_string"}],"inLanguage":"tr"},{"@type":"Organization","@id":"https:\/\/www.andmekanik.com\/ru\/#organization","name":"Eczane Dekorasyon","url":"https:\/\/www.andmekanik.com\/ru\/","logo":{"@type":"ImageObject","inLanguage":"tr","@id":"https:\/\/www.andmekanik.com\/ru\/#\/schema\/logo\/image\/","url":"","contentUrl":"","caption":"Eczane Dekorasyon"},"image":{"@id":"https:\/\/www.andmekanik.com\/ru\/#\/schema\/logo\/image\/"}}]}},"_links":{"self":[{"href":"https:\/\/www.andmekanik.com\/ru\/wp-json\/wp\/v2\/pages\/99"}],"collection":[{"href":"https:\/\/www.andmekanik.com\/ru\/wp-json\/wp\/v2\/pages"}],"about":[{"href":"https:\/\/www.andmekanik.com\/ru\/wp-json\/wp\/v2\/types\/page"}],"author":[{"embeddable":true,"href":"https:\/\/www.andmekanik.com\/ru\/wp-json\/wp\/v2\/users\/1"}],"replies":[{"embeddable":true,"href":"https:\/\/www.andmekanik.com\/ru\/wp-json\/wp\/v2\/comments?post=99"}],"version-history":[{"count":37,"href":"https:\/\/www.andmekanik.com\/ru\/wp-json\/wp\/v2\/pages\/99\/revisions"}],"predecessor-version":[{"id":550,"href":"https:\/\/www.andmekanik.com\/ru\/wp-json\/wp\/v2\/pages\/99\/revisions\/550"}],"wp:attachment":[{"href":"https:\/\/www.andmekanik.com\/ru\/wp-json\/wp\/v2\/media?parent=99"}],"curies":[{"name":"wp","href":"https:\/\/api.w.org\/{rel}","templated":true}]}}